{"id":25,"date":"2025-08-18T12:58:07","date_gmt":"2025-08-18T12:58:07","guid":{"rendered":"https:\/\/afrikanischevision.org\/about\/"},"modified":"2025-10-06T20:28:45","modified_gmt":"2025-10-06T20:28:45","slug":"about","status":"publish","type":"page","link":"https:\/\/afrikanischevision.org\/en\/about\/","title":{"rendered":"Uber uns"},"content":{"rendered":"<div data-elementor-type=\"wp-page\" data-elementor-id=\"25\" class=\"elementor elementor-25\">\n\t\t\t\t<div class=\"elementor-element elementor-element-9b3e269 e-flex e-con-boxed e-con e-parent\" data-id=\"9b3e269\" data-element_type=\"container\" data-e-type=\"container\">\n\t\t\t\t\t<div class=\"e-con-inner\">\n\t\t\t\t<div class=\"elementor-element elementor-element-136256c elementor-widget elementor-widget-image\" data-id=\"136256c\" data-element_type=\"widget\" data-e-type=\"widget\" data-widget_type=\"image.default\">\n\t\t\t\t<div class=\"elementor-widget-container\">\n\t\t\t\t\t\t\t\t\t\t\t\t\t\t\t<img fetchpriority=\"high\" decoding=\"async\" width=\"1280\" height=\"854\" src=\"https:\/\/afrikanischevision.org\/wp-content\/uploads\/2025\/08\/laptop-8499942_1280.jpg\" class=\"attachment-full size-full wp-image-1628\" alt=\"laptop 8499942 1280\" srcset=\"https:\/\/afrikanischevision.org\/wp-content\/uploads\/2025\/08\/laptop-8499942_1280.jpg 1280w, https:\/\/afrikanischevision.org\/wp-content\/uploads\/2025\/08\/laptop-8499942_1280-300x200.jpg 300w, https:\/\/afrikanischevision.org\/wp-content\/uploads\/2025\/08\/laptop-8499942_1280-1024x683.jpg 1024w, https:\/\/afrikanischevision.org\/wp-content\/uploads\/2025\/08\/laptop-8499942_1280-768x512.jpg 768w, https:\/\/afrikanischevision.org\/wp-content\/uploads\/2025\/08\/laptop-8499942_1280-18x12.jpg 18w\" sizes=\"(max-width: 1280px) 100vw, 1280px\" title=\"Uber uns\">\t\t\t\t\t\t\t\t\t\t\t\t\t\t\t<\/div>\n\t\t\t\t<\/div>\n\t\t\t\t\t<\/div>\n\t\t\t\t<\/div>\n\t\t<div class=\"elementor-element elementor-element-a169f65 e-flex e-con-boxed e-con e-parent\" data-id=\"a169f65\" data-element_type=\"container\" data-e-type=\"container\">\n\t\t\t\t\t<div class=\"e-con-inner\">\n\t\t\t\t\t<\/div>\n\t\t\t\t<\/div>\n\t\t<div class=\"elementor-element elementor-element-4244763 e-con-full e-flex e-con e-parent\" data-id=\"4244763\" data-element_type=\"container\" data-e-type=\"container\">\n\t\t\t\t<div class=\"elementor-element elementor-element-8443701 elementor-widget__width-initial animated-slow elementor-invisible elementor-widget elementor-widget-heading\" data-id=\"8443701\" data-element_type=\"widget\" data-e-type=\"widget\" data-settings=\"{&quot;_animation&quot;:&quot;fadeInRight&quot;}\" data-widget_type=\"heading.default\">\n\t\t\t\t<div class=\"elementor-widget-container\">\n\t\t\t\t\t<h4 class=\"elementor-heading-title elementor-size-default\">Our Mission <\/h4>\t\t\t\t<\/div>\n\t\t\t\t<\/div>\n\t\t\t\t<\/div>\n\t\t<div class=\"elementor-element elementor-element-fc830ee e-flex e-con-boxed e-con e-parent\" data-id=\"fc830ee\" data-element_type=\"container\" data-e-type=\"container\">\n\t\t\t\t\t<div class=\"e-con-inner\">\n\t\t\t\t\t<\/div>\n\t\t\t\t<\/div>\n\t\t<div class=\"elementor-element elementor-element-b6a98e1 e-grid e-con-boxed e-con e-parent\" data-id=\"b6a98e1\" data-element_type=\"container\" data-e-type=\"container\">\n\t\t\t\t\t<div class=\"e-con-inner\">\n\t\t\t\t<div class=\"elementor-element elementor-element-46d8529 animated-slow elementor-invisible elementor-widget elementor-widget-heading\" data-id=\"46d8529\" data-element_type=\"widget\" data-e-type=\"widget\" data-settings=\"{&quot;_animation&quot;:&quot;fadeInLeft&quot;}\" data-widget_type=\"heading.default\">\n\t\t\t\t<div class=\"elementor-widget-container\">\n\t\t\t\t\t<h6 class=\"elementor-heading-title elementor-size-default\">Our mission for young African refugees in Germany<br><br> - Psychosocial support<br>\n - Kulturellen Austausch<br> - workshops<br> - Information events<br> \n \n <\/h6>\t\t\t\t<\/div>\n\t\t\t\t<\/div>\n\t\t\t\t<div class=\"elementor-element elementor-element-799942e elementor-widget elementor-widget-image\" data-id=\"799942e\" data-element_type=\"widget\" data-e-type=\"widget\" data-widget_type=\"image.default\">\n\t\t\t\t<div class=\"elementor-widget-container\">\n\t\t\t\t\t\t\t\t\t\t\t\t\t\t\t<img decoding=\"async\" width=\"1024\" height=\"682\" src=\"https:\/\/afrikanischevision.org\/wp-content\/uploads\/2025\/08\/morning-2243465_1280-1024x682.jpg\" class=\"attachment-large size-large wp-image-1906\" alt=\"morning 2243465 1280\" srcset=\"https:\/\/afrikanischevision.org\/wp-content\/uploads\/2025\/08\/morning-2243465_1280-1024x682.jpg 1024w, https:\/\/afrikanischevision.org\/wp-content\/uploads\/2025\/08\/morning-2243465_1280-300x200.jpg 300w, https:\/\/afrikanischevision.org\/wp-content\/uploads\/2025\/08\/morning-2243465_1280-768x512.jpg 768w, https:\/\/afrikanischevision.org\/wp-content\/uploads\/2025\/08\/morning-2243465_1280-18x12.jpg 18w, https:\/\/afrikanischevision.org\/wp-content\/uploads\/2025\/08\/morning-2243465_1280.jpg 1280w\" sizes=\"(max-width: 1024px) 100vw, 1024px\" title=\"Uber uns\">\t\t\t\t\t\t\t\t\t\t\t\t\t\t\t<\/div>\n\t\t\t\t<\/div>\n\t\t\t\t<div class=\"elementor-element elementor-element-5a8e196 animated-slow elementor-invisible elementor-widget elementor-widget-heading\" data-id=\"5a8e196\" data-element_type=\"widget\" data-e-type=\"widget\" data-settings=\"{&quot;_animation&quot;:&quot;fadeInRight&quot;}\" data-widget_type=\"heading.default\">\n\t\t\t\t<div class=\"elementor-widget-container\">\n\t\t\t\t\t<h6 class=\"elementor-heading-title elementor-size-default\"> Our mission for the youth in Africa<br><br> - Agricultural Technologies<br> - Education<br> - Digitalen Tranformation<br> - Strart-ups<\/h6>\t\t\t\t<\/div>\n\t\t\t\t<\/div>\n\t\t\t\t\t<\/div>\n\t\t\t\t<\/div>\n\t\t<div class=\"elementor-element elementor-element-62575cc e-grid e-con-boxed e-con e-parent\" data-id=\"62575cc\" data-element_type=\"container\" data-e-type=\"container\">\n\t\t\t\t\t<div class=\"e-con-inner\">\n\t\t\t\t<div class=\"elementor-element elementor-element-dfbd75d animated-slow elementor-invisible elementor-widget elementor-widget-text-editor\" data-id=\"dfbd75d\" data-element_type=\"widget\" data-e-type=\"widget\" data-settings=\"{&quot;_animation&quot;:&quot;fadeInRight&quot;}\" data-widget_type=\"text-editor.default\">\n\t\t\t\t<div class=\"elementor-widget-container\">\n\t\t\t\t\t\t\t\t\t<p>We offer legal advice and psychosocial support to refugees living in the Federal Republic of Germany to help them understand their rights and improve their living conditions. Through the creation of networks and community projects, we aim to foster a sense of belonging and commitment, so that African refugees can lead self-determined and dignified lives in Germany.<\/p>\t\t\t\t\t\t\t\t<\/div>\n\t\t\t\t<\/div>\n\t\t\t\t<div class=\"elementor-element elementor-element-93cab22 elementor-widget elementor-widget-image\" data-id=\"93cab22\" data-element_type=\"widget\" data-e-type=\"widget\" data-widget_type=\"image.default\">\n\t\t\t\t<div class=\"elementor-widget-container\">\n\t\t\t\t\t\t\t\t\t\t\t\t\t\t\t<img decoding=\"async\" width=\"1024\" height=\"1024\" src=\"https:\/\/afrikanischevision.org\/wp-content\/uploads\/2025\/10\/Orange-and-Yellow-Digital-Marketing-Instagram-Post-3-1024x1024.png\" class=\"attachment-large size-large wp-image-2288\" alt=\"orange and yellow digital marketing instagram post (3)\" srcset=\"https:\/\/afrikanischevision.org\/wp-content\/uploads\/2025\/10\/Orange-and-Yellow-Digital-Marketing-Instagram-Post-3-1024x1024.png 1024w, https:\/\/afrikanischevision.org\/wp-content\/uploads\/2025\/10\/Orange-and-Yellow-Digital-Marketing-Instagram-Post-3-300x300.png 300w, https:\/\/afrikanischevision.org\/wp-content\/uploads\/2025\/10\/Orange-and-Yellow-Digital-Marketing-Instagram-Post-3-150x150.png 150w, https:\/\/afrikanischevision.org\/wp-content\/uploads\/2025\/10\/Orange-and-Yellow-Digital-Marketing-Instagram-Post-3-768x768.png 768w, https:\/\/afrikanischevision.org\/wp-content\/uploads\/2025\/10\/Orange-and-Yellow-Digital-Marketing-Instagram-Post-3-12x12.png 12w, https:\/\/afrikanischevision.org\/wp-content\/uploads\/2025\/10\/Orange-and-Yellow-Digital-Marketing-Instagram-Post-3.png 1080w\" sizes=\"(max-width: 1024px) 100vw, 1024px\" title=\"Uber uns\">\t\t\t\t\t\t\t\t\t\t\t\t\t\t\t<\/div>\n\t\t\t\t<\/div>\n\t\t\t\t<div class=\"elementor-element elementor-element-9f9415e animated-slow elementor-invisible elementor-widget elementor-widget-text-editor\" data-id=\"9f9415e\" data-element_type=\"widget\" data-e-type=\"widget\" data-settings=\"{&quot;_animation&quot;:&quot;fadeInLeft&quot;}\" data-widget_type=\"text-editor.default\">\n\t\t\t\t<div class=\"elementor-widget-container\">\n\t\t\t\t\t\t\t\t\t<p>With our mission in Africa, we want to make a positive contribution to the development of young people in Africa. By implementing targeted projects, <span style=\"font-style: inherit; font-weight: inherit;\">we help young people to realise their dreams and experience their homeland as a place of opportunities. Together, we can bring about sustainable change and thus significantly improve the living conditions of the next generation.<\/span><\/p>\t\t\t\t\t\t\t\t<\/div>\n\t\t\t\t<\/div>\n\t\t\t\t\t<\/div>\n\t\t\t\t<\/div>\n\t\t<div class=\"elementor-element elementor-element-b3d5193 e-flex e-con-boxed e-con e-parent\" data-id=\"b3d5193\" data-element_type=\"container\" data-e-type=\"container\">\n\t\t\t\t\t<div class=\"e-con-inner\">\n\t\t\t\t\t<\/div>\n\t\t\t\t<\/div>\n\t\t<div class=\"elementor-element elementor-element-6e05697 e-con-full e-flex e-con e-parent\" data-id=\"6e05697\" data-element_type=\"container\" data-e-type=\"container\">\n\t\t\t\t<div class=\"elementor-element elementor-element-7eba739 animated-slow elementor-invisible elementor-widget elementor-widget-heading\" data-id=\"7eba739\" data-element_type=\"widget\" data-e-type=\"widget\" data-settings=\"{&quot;_animation&quot;:&quot;lightSpeedIn&quot;}\" data-widget_type=\"heading.default\">\n\t\t\t\t<div class=\"elementor-widget-container\">\n\t\t\t\t\t<h4 class=\"elementor-heading-title elementor-size-default\">\"With your help, we are shaping the vision of the youth's future - together we are strong!<\/h4>\t\t\t\t<\/div>\n\t\t\t\t<\/div>\n\t\t\t\t<\/div>\n\t\t\t\t<\/div>","protected":false},"excerpt":{"rendered":"<p>Unsere Mission Unsere Mission f\u00fcr jugendliche afrikanische Fl\u00fcchtlinge in Deutschland &#8211; Psychosoziale Unterst\u00fctzung &#8211; Kulturellen Austausch &#8211; workshops &#8211; Informationsveranstaltungen [&hellip;]<\/p>\n","protected":false},"author":1,"featured_media":0,"parent":0,"menu_order":0,"comment_status":"closed","ping_status":"closed","template":"","meta":{"site-sidebar-layout":"no-sidebar","site-content-layout":"","ast-site-content-layout":"full-width-container","site-content-style":"default","site-sidebar-style":"default","ast-global-header-display":"","ast-banner-title-visibility":"","ast-main-header-display":"","ast-hfb-above-header-display":"","ast-hfb-below-header-display":"","ast-hfb-mobile-header-display":"","site-post-title":"","ast-breadcrumbs-content":"","ast-featured-img":"disabled","footer-sml-layout":"","ast-disable-related-posts":"","theme-transparent-header-meta":"","adv-header-id-meta":"","stick-header-meta":"","header-above-stick-meta":"","header-main-stick-meta":"","header-below-stick-meta":"","astra-migrate-meta-layouts":"default","ast-page-background-enabled":"default","ast-page-background-meta":{"desktop":{"background-color":"var(--ast-global-color-4)","background-image":"","background-repeat":"repeat","background-position":"center center","background-size":"auto","background-attachment":"scroll","background-type":"","background-media":"","overlay-type":"","overlay-color":"","overlay-opacity":"","overlay-gradient":""},"tablet":{"background-color":"","background-image":"","background-repeat":"repeat","background-position":"center center","background-size":"auto","background-attachment":"scroll","background-type":"","background-media":"","overlay-type":"","overlay-color":"","overlay-opacity":"","overlay-gradient":""},"mobile":{"background-color":"","background-image":"","background-repeat":"repeat","background-position":"center center","background-size":"auto","background-attachment":"scroll","background-type":"","background-media":"","overlay-type":"","overlay-color":"","overlay-opacity":"","overlay-gradient":""}},"ast-content-background-meta":{"desktop":{"background-color":"var(--ast-global-color-5)","background-image":"","background-repeat":"repeat","background-position":"center center","background-size":"auto","background-attachment":"scroll","background-type":"","background-media":"","overlay-type":"","overlay-color":"","overlay-opacity":"","overlay-gradient":""},"tablet":{"background-color":"var(--ast-global-color-5)","background-image":"","background-repeat":"repeat","background-position":"center center","background-size":"auto","background-attachment":"scroll","background-type":"","background-media":"","overlay-type":"","overlay-color":"","overlay-opacity":"","overlay-gradient":""},"mobile":{"background-color":"var(--ast-global-color-5)","background-image":"","background-repeat":"repeat","background-position":"center center","background-size":"auto","background-attachment":"scroll","background-type":"","background-media":"","overlay-type":"","overlay-color":"","overlay-opacity":"","overlay-gradient":""}},"_themeisle_gutenberg_block_has_review":false,"footnotes":""},"class_list":["post-25","page","type-page","status-publish","hentry"],"_links":{"self":[{"href":"https:\/\/afrikanischevision.org\/en\/wp-json\/wp\/v2\/pages\/25","targetHints":{"allow":["GET"]}}],"collection":[{"href":"https:\/\/afrikanischevision.org\/en\/wp-json\/wp\/v2\/pages"}],"about":[{"href":"https:\/\/afrikanischevision.org\/en\/wp-json\/wp\/v2\/types\/page"}],"author":[{"embeddable":true,"href":"https:\/\/afrikanischevision.org\/en\/wp-json\/wp\/v2\/users\/1"}],"replies":[{"embeddable":true,"href":"https:\/\/afrikanischevision.org\/en\/wp-json\/wp\/v2\/comments?post=25"}],"version-history":[{"count":129,"href":"https:\/\/afrikanischevision.org\/en\/wp-json\/wp\/v2\/pages\/25\/revisions"}],"predecessor-version":[{"id":2291,"href":"https:\/\/afrikanischevision.org\/en\/wp-json\/wp\/v2\/pages\/25\/revisions\/2291"}],"wp:attachment":[{"href":"https:\/\/afrikanischevision.org\/en\/wp-json\/wp\/v2\/media?parent=25"}],"curies":[{"name":"wp","href":"https:\/\/api.w.org\/{rel}","templated":true}]}}